{"id":215,"date":"2023-10-11T19:30:32","date_gmt":"2023-10-11T19:30:32","guid":{"rendered":"https:\/\/triteto.com.br\/moveis-planejados\/?page_id=215"},"modified":"2023-10-20T12:45:09","modified_gmt":"2023-10-20T12:45:09","slug":"sobre-nos","status":"publish","type":"page","link":"https:\/\/triteto.com.br\/moveis-planejados\/sobre-nos\/","title":{"rendered":"Sobre N\u00f3s"},"content":{"rendered":"\t\t<div data-elementor-type=\"wp-page\" data-elementor-id=\"215\" class=\"elementor elementor-215\" data-elementor-post-type=\"page\">\n\t\t\t\t\t\t<section class=\"elementor-section elementor-top-section elementor-element elementor-element-71db807 elementor-section-height-min-height elementor-section-boxed elementor-section-height-default elementor-section-items-middle\" data-id=\"71db807\" data-element_type=\"section\" data-e-type=\"section\" data-settings=\"{&quot;background_background&quot;:&quot;classic&quot;}\">\n\t\t\t\t\t\t\t<div class=\"elementor-background-overlay\"><\/div>\n\t\t\t\t\t\t\t<div class=\"elementor-container elementor-column-gap-default\">\n\t\t\t\t\t<div class=\"elementor-column elementor-col-100 elementor-top-column elementor-element elementor-element-10d4d42\" data-id=\"10d4d42\" data-element_type=\"column\" data-e-type=\"column\">\n\t\t\t<div class=\"elementor-widget-wrap elementor-element-populated\">\n\t\t\t\t\t\t<div class=\"elementor-element elementor-element-4ec4e8d elementor-widget elementor-widget-heading\" data-id=\"4ec4e8d\" data-element_type=\"widget\" data-e-type=\"widget\" data-widget_type=\"heading.default\">\n\t\t\t\t<div class=\"elementor-widget-container\">\n\t\t\t\t\t<h2 class=\"elementor-heading-title elementor-size-default\">Sobre N\u00f3s<\/h2>\t\t\t\t<\/div>\n\t\t\t\t<\/div>\n\t\t\t\t<div class=\"elementor-element elementor-element-e84d755 elementor-widget elementor-widget-heading\" data-id=\"e84d755\" data-element_type=\"widget\" data-e-type=\"widget\" data-widget_type=\"heading.default\">\n\t\t\t\t<div class=\"elementor-widget-container\">\n\t\t\t\t\t<h2 class=\"elementor-heading-title elementor-size-default\">Conhe\u00e7a nossa Hist\u00f3ria<\/h2>\t\t\t\t<\/div>\n\t\t\t\t<\/div>\n\t\t\t\t<div class=\"elementor-element elementor-element-3182a12 elementor-align-center elementor-widget elementor-widget-button\" data-id=\"3182a12\" data-element_type=\"widget\" data-e-type=\"widget\" data-widget_type=\"button.default\">\n\t\t\t\t<div class=\"elementor-widget-container\">\n\t\t\t\t\t\t\t\t\t<div class=\"elementor-button-wrapper\">\n\t\t\t\t\t<a class=\"elementor-button elementor-button-link elementor-size-sm\" href=\"https:\/\/triteto.com.br\/moveis-planejados\/sobre-nos\/#02\">\n\t\t\t\t\t\t<span class=\"elementor-button-content-wrapper\">\n\t\t\t\t\t\t<span class=\"elementor-button-icon\">\n\t\t\t\t<i aria-hidden=\"true\" class=\"fas fa-level-down-alt\"><\/i>\t\t\t<\/span>\n\t\t\t\t\t\t\t\t\t<span class=\"elementor-button-text\">Saber Mais<\/span>\n\t\t\t\t\t<\/span>\n\t\t\t\t\t<\/a>\n\t\t\t\t<\/div>\n\t\t\t\t\t\t\t\t<\/div>\n\t\t\t\t<\/div>\n\t\t\t\t\t<\/div>\n\t\t<\/div>\n\t\t\t\t\t<\/div>\n\t\t<\/section>\n\t\t\t\t<section class=\"elementor-section elementor-top-section elementor-element elementor-element-d9d7041 elementor-section-boxed elementor-section-height-default elementor-section-height-default\" data-id=\"d9d7041\" data-element_type=\"section\" data-e-type=\"section\">\n\t\t\t\t\t\t<div class=\"elementor-container elementor-column-gap-default\">\n\t\t\t\t\t<div class=\"elementor-column elementor-col-100 elementor-top-column elementor-element elementor-element-87a2210\" data-id=\"87a2210\" data-element_type=\"column\" data-e-type=\"column\">\n\t\t\t<div class=\"elementor-widget-wrap elementor-element-populated\">\n\t\t\t\t\t\t<div class=\"elementor-element elementor-element-728513b elementor-widget elementor-widget-heading\" data-id=\"728513b\" data-element_type=\"widget\" data-e-type=\"widget\" data-widget_type=\"heading.default\">\n\t\t\t\t<div class=\"elementor-widget-container\">\n\t\t\t\t\t<h2 class=\"elementor-heading-title elementor-size-default\">Nossa Experi\u00eancia em M\u00f3veis Planejados Direto da F\u00e1brica<\/h2>\t\t\t\t<\/div>\n\t\t\t\t<\/div>\n\t\t\t\t\t<\/div>\n\t\t<\/div>\n\t\t\t\t\t<\/div>\n\t\t<\/section>\n\t\t\t\t<section class=\"elementor-section elementor-top-section elementor-element elementor-element-f98eb8e elementor-section-boxed elementor-section-height-default elementor-section-height-default\" data-id=\"f98eb8e\" data-element_type=\"section\" data-e-type=\"section\" id=\"02\">\n\t\t\t\t\t\t<div class=\"elementor-container elementor-column-gap-default\">\n\t\t\t\t\t<div class=\"elementor-column elementor-col-50 elementor-top-column elementor-element elementor-element-387a8e6\" data-id=\"387a8e6\" data-element_type=\"column\" data-e-type=\"column\">\n\t\t\t<div class=\"elementor-widget-wrap elementor-element-populated\">\n\t\t\t\t\t\t<div class=\"elementor-element elementor-element-d1ac9c8 elementor-widget elementor-widget-text-editor\" data-id=\"d1ac9c8\" data-element_type=\"widget\" data-e-type=\"widget\" data-widget_type=\"text-editor.default\">\n\t\t\t\t<div class=\"elementor-widget-container\">\n\t\t\t\t\t\t\t\t\tFundada em 2016, a Triteto Ambientes Planejados \u00e9 uma empresa comprometida em oferecer solu\u00e7\u00f5es excepcionais no universo dos m\u00f3veis planejados. Desde o in\u00edcio, nosso objetivo tem sido proporcionar um servi\u00e7o de alta qualidade, onde o foco no atendimento primoroso se une \u00e0 pr\u00e1tica de criar projetos funcionais e personalizados, elaborados sob medida para cada espa\u00e7o em sua casa.\n\n<br>Situada estrategicamente em Ja\u00e7an\u00e3 \u2013 SP, a Triteto Ambientes Planejados se destaca por oferecer m\u00f3veis planejados direto da f\u00e1brica, garantindo n\u00e3o apenas a qualidade excepcional, mas tamb\u00e9m a efici\u00eancia e a agilidade no processo de produ\u00e7\u00e3o. Trabalhamos em estreita colabora\u00e7\u00e3o com fornecedores de renome, empregando a mais alta tecnologia dispon\u00edvel na fabrica\u00e7\u00e3o de nossos produtos, o que resulta em m\u00f3veis que unem beleza e durabilidade.<\/span>\t\t\t\t\t\t\t\t<\/div>\n\t\t\t\t<\/div>\n\t\t\t\t\t<\/div>\n\t\t<\/div>\n\t\t\t\t<div class=\"elementor-column elementor-col-50 elementor-top-column elementor-element elementor-element-1156f98\" data-id=\"1156f98\" data-element_type=\"column\" data-e-type=\"column\">\n\t\t\t<div class=\"elementor-widget-wrap elementor-element-populated\">\n\t\t\t\t\t\t<div class=\"elementor-element elementor-element-730ef54 elementor-widget elementor-widget-text-editor\" data-id=\"730ef54\" data-element_type=\"widget\" data-e-type=\"widget\" data-widget_type=\"text-editor.default\">\n\t\t\t\t<div class=\"elementor-widget-container\">\n\t\t\t\t\t\t\t\t\tCada m\u00f3vel produzido pela Triteto Ambientes Planejados \u00e9 uma fus\u00e3o de artesanato habilidoso e inova\u00e7\u00e3o tecnol\u00f3gica, resultando em pe\u00e7as que atendem aos mais altos padr\u00f5es de qualidade. Estamos comprometidos em criar ambientes que n\u00e3o apenas sejam visualmente deslumbrantes, mas tamb\u00e9m altamente funcionais, atendendo \u00e0s necessidades e prefer\u00eancias individuais de cada cliente.<\/span>\n\n<br>Possu\u00edmos a versatilidade necess\u00e1ria para transformar seus espa\u00e7os. Nossa equipe de designers talentosos est\u00e1 pronta para materializar sua vis\u00e3o e adapt\u00e1-la \u00e0 sua realidade, tornando-a funcional e esteticamente cativante. Acreditamos que cada ambiente tem sua pr\u00f3pria hist\u00f3ria para contar, e estamos aqui para garantir que essa hist\u00f3ria seja contada por meio de m\u00f3veis planejados que refletem sua personalidade e estilo.<\/span>\t\t\t\t\t\t\t\t<\/div>\n\t\t\t\t<\/div>\n\t\t\t\t\t<\/div>\n\t\t<\/div>\n\t\t\t\t\t<\/div>\n\t\t<\/section>\n\t\t\t\t<section class=\"elementor-section elementor-top-section elementor-element elementor-element-ebfa109 elementor-section-boxed elementor-section-height-default elementor-section-height-default\" data-id=\"ebfa109\" data-element_type=\"section\" data-e-type=\"section\">\n\t\t\t\t\t\t<div class=\"elementor-container elementor-column-gap-default\">\n\t\t\t\t\t<div class=\"elementor-column elementor-col-50 elementor-top-column elementor-element elementor-element-aa938be\" data-id=\"aa938be\" data-element_type=\"column\" data-e-type=\"column\">\n\t\t\t<div class=\"elementor-widget-wrap elementor-element-populated\">\n\t\t\t\t\t\t<div class=\"elementor-element elementor-element-d812581 elementor-position-inline-start elementor-view-default elementor-mobile-position-block-start elementor-widget elementor-widget-icon-box\" data-id=\"d812581\" data-element_type=\"widget\" data-e-type=\"widget\" data-widget_type=\"icon-box.default\">\n\t\t\t\t<div class=\"elementor-widget-container\">\n\t\t\t\t\t\t\t<div class=\"elementor-icon-box-wrapper\">\n\n\t\t\t\t\t\t<div class=\"elementor-icon-box-icon\">\n\t\t\t\t<span  class=\"elementor-icon\">\n\t\t\t\t<i aria-hidden=\"true\" class=\"fas fa-circle\"><\/i>\t\t\t\t<\/span>\n\t\t\t<\/div>\n\t\t\t\n\t\t\t\t\t\t<div class=\"elementor-icon-box-content\">\n\n\t\t\t\t\t\t\t\t\t<h5 class=\"elementor-icon-box-title\">\n\t\t\t\t\t\t<span  >\n\t\t\t\t\t\t\tTransforme seu sonho em realidade\t\t\t\t\t\t<\/span>\n\t\t\t\t\t<\/h5>\n\t\t\t\t\n\t\t\t\t\n\t\t\t<\/div>\n\t\t\t\n\t\t<\/div>\n\t\t\t\t\t\t<\/div>\n\t\t\t\t<\/div>\n\t\t\t\t<div class=\"elementor-element elementor-element-d8ae5b5 elementor-widget elementor-widget-heading\" data-id=\"d8ae5b5\" data-element_type=\"widget\" data-e-type=\"widget\" data-widget_type=\"heading.default\">\n\t\t\t\t<div class=\"elementor-widget-container\">\n\t\t\t\t\t<h3 class=\"elementor-heading-title elementor-size-default\">Sua parceira para m\u00f3veis planejados de alto padr\u00e3o<\/h3>\t\t\t\t<\/div>\n\t\t\t\t<\/div>\n\t\t\t\t<div class=\"elementor-element elementor-element-bdb46b4 elementor-align-left elementor-widget elementor-widget-button\" data-id=\"bdb46b4\" data-element_type=\"widget\" data-e-type=\"widget\" data-widget_type=\"button.default\">\n\t\t\t\t<div class=\"elementor-widget-container\">\n\t\t\t\t\t\t\t\t\t<div class=\"elementor-button-wrapper\">\n\t\t\t\t\t<a class=\"elementor-button elementor-button-link elementor-size-sm\" href=\"https:\/\/triteto.com.br\/moveis-planejados\/orcamento\/\">\n\t\t\t\t\t\t<span class=\"elementor-button-content-wrapper\">\n\t\t\t\t\t\t\t\t\t<span class=\"elementor-button-text\">Fazer Or\u00e7amento<\/span>\n\t\t\t\t\t<\/span>\n\t\t\t\t\t<\/a>\n\t\t\t\t<\/div>\n\t\t\t\t\t\t\t\t<\/div>\n\t\t\t\t<\/div>\n\t\t\t\t\t<\/div>\n\t\t<\/div>\n\t\t\t\t<div class=\"elementor-column elementor-col-50 elementor-top-column elementor-element elementor-element-4c14dea\" data-id=\"4c14dea\" data-element_type=\"column\" data-e-type=\"column\">\n\t\t\t<div class=\"elementor-widget-wrap elementor-element-populated\">\n\t\t\t\t\t\t<div class=\"elementor-element elementor-element-e1a885e elementor-widget elementor-widget-image\" data-id=\"e1a885e\" data-element_type=\"widget\" data-e-type=\"widget\" data-widget_type=\"image.default\">\n\t\t\t\t<div class=\"elementor-widget-container\">\n\t\t\t\t\t\t\t\t\t\t\t\t\t\t\t<img fetchpriority=\"high\" decoding=\"async\" width=\"800\" height=\"579\" src=\"https:\/\/triteto.com.br\/moveis-planejados\/wp-content\/uploads\/2023\/10\/Home_Interior_Design-Hero-Slider2-1.jpeg\" class=\"attachment-large size-large wp-image-41\" alt=\"\" srcset=\"https:\/\/triteto.com.br\/moveis-planejados\/wp-content\/uploads\/2023\/10\/Home_Interior_Design-Hero-Slider2-1.jpeg 974w, https:\/\/triteto.com.br\/moveis-planejados\/wp-content\/uploads\/2023\/10\/Home_Interior_Design-Hero-Slider2-1-300x217.jpeg 300w, https:\/\/triteto.com.br\/moveis-planejados\/wp-content\/uploads\/2023\/10\/Home_Interior_Design-Hero-Slider2-1-768x556.jpeg 768w\" sizes=\"(max-width: 800px) 100vw, 800px\" \/>\t\t\t\t\t\t\t\t\t\t\t\t\t\t\t<\/div>\n\t\t\t\t<\/div>\n\t\t\t\t\t<\/div>\n\t\t<\/div>\n\t\t\t\t\t<\/div>\n\t\t<\/section>\n\t\t\t\t<\/div>\n\t\t","protected":false},"excerpt":{"rendered":"<p>Sobre N\u00f3s Conhe\u00e7a nossa Hist\u00f3ria Saber Mais Nossa Experi\u00eancia em M\u00f3veis Planejados Direto da F\u00e1brica Fundada em 2016, a Triteto Ambientes Planejados \u00e9 uma empresa comprometida em oferecer solu\u00e7\u00f5es excepcionais no universo dos m\u00f3veis planejados. Desde o in\u00edcio, nosso objetivo tem sido proporcionar um servi\u00e7o de alta qualidade, onde o foco no atendimento primoroso se [&hellip;]<\/p>\n","protected":false},"author":1,"featured_media":0,"parent":0,"menu_order":0,"comment_status":"closed","ping_status":"closed","template":"","meta":{"_joinchat":[],"footnotes":""},"class_list":["post-215","page","type-page","status-publish","hentry"],"_links":{"self":[{"href":"https:\/\/triteto.com.br\/moveis-planejados\/wp-json\/wp\/v2\/pages\/215","targetHints":{"allow":["GET"]}}],"collection":[{"href":"https:\/\/triteto.com.br\/moveis-planejados\/wp-json\/wp\/v2\/pages"}],"about":[{"href":"https:\/\/triteto.com.br\/moveis-planejados\/wp-json\/wp\/v2\/types\/page"}],"author":[{"embeddable":true,"href":"https:\/\/triteto.com.br\/moveis-planejados\/wp-json\/wp\/v2\/users\/1"}],"replies":[{"embeddable":true,"href":"https:\/\/triteto.com.br\/moveis-planejados\/wp-json\/wp\/v2\/comments?post=215"}],"version-history":[{"count":19,"href":"https:\/\/triteto.com.br\/moveis-planejados\/wp-json\/wp\/v2\/pages\/215\/revisions"}],"predecessor-version":[{"id":663,"href":"https:\/\/triteto.com.br\/moveis-planejados\/wp-json\/wp\/v2\/pages\/215\/revisions\/663"}],"wp:attachment":[{"href":"https:\/\/triteto.com.br\/moveis-planejados\/wp-json\/wp\/v2\/media?parent=215"}],"curies":[{"name":"wp","href":"https:\/\/api.w.org\/{rel}","templated":true}]}}